{"id":2526,"date":"2025-08-04T20:07:46","date_gmt":"2025-08-04T18:07:46","guid":{"rendered":"https:\/\/agridelta.co.za\/pt\/?page_id=2526"},"modified":"2026-03-31T08:30:57","modified_gmt":"2026-03-31T06:30:57","slug":"termosecondicoes","status":"publish","type":"page","link":"https:\/\/agridelta.co.za\/pt\/termosecondicoes\/","title":{"rendered":"Termos e Condi\u00e7\u00f5es"},"content":{"rendered":"<div class=\"fusion-fullwidth fullwidth-box fusion-builder-row-1 fusion-flex-container has-pattern-background has-mask-background nonhundred-percent-fullwidth non-hundred-percent-height-scrolling\" style=\"--awb-border-radius-top-left:0px;--awb-border-radius-top-right:0px;--awb-border-radius-bottom-right:0px;--awb-border-radius-bottom-left:0px;--awb-flex-wrap:wrap;\" ><div class=\"fusion-builder-row fusion-row fusion-flex-align-items-flex-start fusion-flex-content-wrap\" style=\"max-width:1331.2px;margin-left: calc(-4% \/ 2 );margin-right: calc(-4% \/ 2 );\"><div class=\"fusion-layout-column fusion_builder_column fusion-builder-column-0 fusion_builder_column_1_1 1_1 fusion-flex-column\" style=\"--awb-bg-size:cover;--awb-width-large:100%;--awb-margin-top-large:16px;--awb-spacing-right-large:1.92%;--awb-margin-bottom-large:16px;--awb-spacing-left-large:1.92%;--awb-width-medium:100%;--awb-order-medium:0;--awb-spacing-right-medium:1.92%;--awb-spacing-left-medium:1.92%;--awb-width-small:100%;--awb-order-small:0;--awb-spacing-right-small:1.92%;--awb-spacing-left-small:1.92%;\"><div class=\"fusion-column-wrapper fusion-column-has-shadow fusion-flex-justify-content-flex-start fusion-content-layout-column\"><div class=\"fusion-title title fusion-title-1 fusion-sep-none fusion-title-text fusion-title-size-one\" style=\"--awb-margin-top-small:10px;--awb-margin-right-small:0px;--awb-margin-bottom-small:10px;--awb-margin-left-small:0px;\"><h1 class=\"fusion-title-heading title-heading-left fusion-responsive-typography-calculated\" style=\"margin:0;--fontSize:72;line-height:var(--awb-typography1-line-height);\"><h4 style=\"text-align: center;\" contenteditable=\"true\">TERMOS E CONDI\u00c7\u00d5ES<\/h4><\/h1><\/div><div class=\"fusion-text fusion-text-1\"><p id=\"isPasted\"><strong>ERROS E OMISS\u00d5ES<\/strong><\/p>\n<p>Fazemos todos os esfor\u00e7os para garantir que todas as informa\u00e7\u00f5es neste site s\u00e3o precisas, mas podem ocorrer e ocorrem erros e omiss\u00f5es de tempos a tempos. Isto inclui imprecis\u00f5es t\u00e9cnicas e erros tipogr\u00e1ficos.<\/p>\n<p>Reservamo-nos ainda o direito de fazer melhorias, altera\u00e7\u00f5es e ajustes no conte\u00fado deste site a qualquer momento, sem aviso pr\u00e9vio.<\/p>\n<p>A utiliza\u00e7\u00e3o das informa\u00e7\u00f5es neste site \u00e9 apenas para fins consultivos. Por favor, confirme a disponibilidade, pre\u00e7o, extras, especifica\u00e7\u00f5es e todos os outros detalhes com o vendedor antes da compra.<\/p>\n<p>N\u00f3s, os nossos colaboradores e os nossos fornecedores de media n\u00e3o podemos ser responsabilizados por quaisquer danos diretos, indiretos, especiais, acidentais ou consequentes que possam surgir da utiliza\u00e7\u00e3o de erros inadvertidos e\/ou \u00f3bvios encontrados neste meio.<\/p>\n<p><strong>RECLAMA\u00c7\u00d5ES E RESOLU\u00c7\u00c3O DE LIT\u00cdGIOS<\/strong><\/p>\n<p>Caso n\u00e3o esteja satisfeito com a sua experi\u00eancia, remeta os detalhes da sua reclama\u00e7\u00e3o para\u00a0<span class=\"color-default\"><a class=\"color-default\" href=\"mailto:sales@agridelta.co.za\" data-fr-linked=\"true\">sales@agridelta.co.za<\/a><\/span>\u00a0para uma investiga\u00e7\u00e3o mais aprofundada.<\/p>\n<p><strong>DIREITOS DE AUTOR E PROPRIEDADE<\/strong><\/p>\n<p>Todo o conte\u00fado, marcas registadas e dados deste site, incluindo, entre outros, software, bases de dados, textos, gr\u00e1ficos, \u00edcones, hiperliga\u00e7\u00f5es, informa\u00e7\u00f5es privadas e designs, s\u00e3o propriedade da Agridelta SA e est\u00e3o protegidos contra viola\u00e7\u00f5es pela legisla\u00e7\u00e3o nacional e internacional. Todos os direitos n\u00e3o expressamente concedidos s\u00e3o reservados. Os direitos de autor de todo o conte\u00fado, informa\u00e7\u00e3o, material e log\u00f3tipos pertencentes \u00e0 Agridelta SA continuar\u00e3o a pertencer \u00e0 Agridelta SA, n\u00e3o lhe sendo concedido qualquer direito, t\u00edtulo ou interesse sobre qualquer material ou informa\u00e7\u00e3o propriet\u00e1ria contida neste site.<\/p>\n<p><strong>USO<\/strong><\/p>\n<p>As pessoas que utilizam o site, por qualquer motivo que seja, sujeitam-se e concordam com os termos e condi\u00e7\u00f5es e a pol\u00edtica de privacidade da Agridelta SA ao aceder ao site.<\/p>\n<p>Os utilizadores reconhecem que as informa\u00e7\u00f5es partilhadas atrav\u00e9s da Internet est\u00e3o sujeitas a monitoriza\u00e7\u00e3o e interce\u00e7\u00e3o. Assim, o utilizador \u00e9 desencorajado a partilhar com a Agridelta SA qualquer informa\u00e7\u00e3o que possa ser confidencial ou sens\u00edvel.<\/p>\n<p>Os utilizadores assumem todos os riscos de partilhar tais informa\u00e7\u00f5es e, em caso algum, a Agridelta SA ser\u00e1 respons\u00e1vel por qualquer perda, dano ou preju\u00edzo sofrido pelo utilizador em consequ\u00eancia do mesmo.<\/p>\n<p>Qualquer informa\u00e7\u00e3o ou material enviado \u00e0 Agridelta SA ser\u00e1 considerado n\u00e3o confidencial, salvo se acordado de outra forma por escrito entre o utilizador e a Agridelta SA.<\/p>\n<p><strong>LINKS<\/strong><\/p>\n<p>\u00c9 expressamente proibido a qualquer pessoa, empresa, entidade ou website criar links para qualquer p\u00e1gina deste website, incluindo a p\u00e1gina inicial, sem a pr\u00e9via aprova\u00e7\u00e3o por escrito da Agridelta SA. \u00c9 expressamente proibido a qualquer pessoa, empresa, entidade ou website criar frames para qualquer p\u00e1gina deste website, incluindo a p\u00e1gina inicial, de qualquer forma, sem a pr\u00e9via aprova\u00e7\u00e3o por escrito da Agridelta SA. A Agridelta SA pode fornecer links apenas como uma conveni\u00eancia e a inclus\u00e3o de qualquer link n\u00e3o implica o nosso endosso a tais websites. Os websites ou p\u00e1ginas com liga\u00e7\u00e3o n\u00e3o est\u00e3o sujeitos ao controlo da Agridelta SA. A Agridelta SA n\u00e3o ser\u00e1 responsabilizada, direta ou indiretamente, de forma alguma, pelo conte\u00fado, utiliza\u00e7\u00e3o ou impossibilidade de utiliza\u00e7\u00e3o ou acesso a quaisquer sites vinculados ou a qualquer link contido num site vinculado.<\/p>\n<p><strong>COMUNICA\u00c7\u00d5ES ELETR\u00d3NICAS<\/strong><\/p>\n<p>Nenhum acordo ser\u00e1 celebrado pelo simples envio de uma mensagem de dados para este site ou para os seus propriet\u00e1rios. Os contratos v\u00e1lidos requerem um aviso de rece\u00e7\u00e3o deste site. A utiliza\u00e7\u00e3o de tecnologia de pesquisa n\u00e3o maliciosa para pesquisar e obter informa\u00e7\u00f5es neste site n\u00e3o \u00e9 permitida se tal tecnologia resultar na lentid\u00e3o do servidor deste site e\/ou na viola\u00e7\u00e3o de direitos de autor de quaisquer dados e informa\u00e7\u00f5es dispon\u00edveis neste site.<\/p>\n<p><strong>AVISO LEGAL<\/strong><\/p>\n<p>Este site e as informa\u00e7\u00f5es nele contidas s\u00e3o fornecidos &#8220;tal como est\u00e3o&#8221; e a Agridelta SA n\u00e3o oferece qualquer representa\u00e7\u00e3o ou garantia, expressa ou impl\u00edcita, relativamente aos mesmos. A Agridelta SA n\u00e3o garante que o site ou a informa\u00e7\u00e3o estejam isentos de erros ou que cumpram quaisquer crit\u00e9rios espec\u00edficos de desempenho ou qualidade. Estes termos e condi\u00e7\u00f5es de utiliza\u00e7\u00e3o constituem o acordo integral entre a Agridelta SA e o utilizador, o utilizador deste site. Qualquer falha da Agridelta SA em exercer ou executar qualquer direito ou disposi\u00e7\u00e3o destes termos e condi\u00e7\u00f5es de utiliza\u00e7\u00e3o n\u00e3o constituir\u00e1, de forma alguma, uma ren\u00fancia a tal direito ou disposi\u00e7\u00e3o. Caso qualquer termo ou condi\u00e7\u00e3o de utiliza\u00e7\u00e3o deste site n\u00e3o seja totalmente execut\u00e1vel ou v\u00e1lido por qualquer motivo, tal(is) termo(s) ou condi\u00e7\u00e3o(\u00f5es) ser\u00e3o separ\u00e1veis dos restantes termos e condi\u00e7\u00f5es. Os restantes termos e condi\u00e7\u00f5es n\u00e3o ser\u00e3o afetados por tal inexequibilidade ou invalidade e permanecer\u00e3o exequ\u00edveis e aplic\u00e1veis.<\/p>\n<p><strong>SEGURAN\u00c7A<\/strong><\/p>\n<p>Embora a Agridelta SA tenha tomado medidas razo\u00e1veis para garantir a veracidade deste site e do seu conte\u00fado, n\u00e3o h\u00e1 qualquer garantia, direta ou indireta, de que quaisquer ficheiros, downloads ou aplica\u00e7\u00f5es dispon\u00edveis neste site estejam livres de v\u00edrus, trojans ou quaisquer outros dados ou c\u00f3digos que possam corromper, danificar ou afetar o funcionamento dos sistemas do utilizador. \u00c9 expressamente proibido a qualquer pessoa, empresa ou entidade obter ou tentar obter acesso n\u00e3o autorizado. Qualquer pessoa que aceda a qualquer p\u00e1gina deste site ser\u00e1 responsabilizada criminalmente e, caso a Agridelta SA sofra qualquer dano ou perda, ser\u00e1 solicitada uma indemniza\u00e7\u00e3o civil.<\/p>\n<p><strong>LIMITA\u00c7\u00c3O DE RISCO E RESPONSABILIDADE<\/strong><\/p>\n<p>A utiliza\u00e7\u00e3o deste site e da informa\u00e7\u00e3o nele contida \u00e9 da inteira responsabilidade e risco do utilizador, que assume total responsabilidade e risco por perdas resultantes da sua utiliza\u00e7\u00e3o. Nem a Agridelta SA, nem os seus associados, acionistas ou colaboradores ser\u00e3o respons\u00e1veis por quaisquer danos. Embora tenham sido tomadas todas as medidas criteriosas para garantir a exatid\u00e3o e seguran\u00e7a do site da Agridelta SA, a utiliza\u00e7\u00e3o dos produtos ou servi\u00e7os promovidos neste site \u00e9 feita por conta e risco do utilizador. O utilizador assume total responsabilidade e risco por qualquer les\u00e3o, dano ou perda resultante da utiliza\u00e7\u00e3o. A Agridelta SA n\u00e3o ser\u00e1 respons\u00e1vel por quaisquer danos ou perdas pessoais ou f\u00edsicas, independentemente da forma como sejam causados, direta ou indiretamente, resultantes da utiliza\u00e7\u00e3o do website da Agridelta SA.<\/p>\n<p><strong>LEI APLIC\u00c1VEL<\/strong><\/p>\n<p>Este website \u00e9 alojado, controlado e operado a partir da Rep\u00fablica da \u00c1frica do Sul. Portanto, a lei sul-africana e a jurisdi\u00e7\u00e3o dos tribunais sul-africanos regem a utiliza\u00e7\u00e3o ou n\u00e3o deste site. Em caso de qualquer lit\u00edgio de qualquer natureza que surja entre as partes sobre qualquer assunto previsto ou decorrente do presente contrato, tal lit\u00edgio ser\u00e1 submetido a arbitragem privada nos termos das regras de arbitragem acelerada da Funda\u00e7\u00e3o de Arbitragem da \u00c1frica do Sul. Ao aceder a este site, concorda que, em caso de qualquer lit\u00edgio de qualquer natureza que surja entre si e a Agridelta SA sobre qualquer assunto previsto ou decorrente deste contrato, esse lit\u00edgio ser\u00e1 submetido \u00e0 Arbitration Foundation e decidido por media\u00e7\u00e3o ou arbitragem.<\/p>\n<p><strong>PRIVACIDADE<\/strong><\/p>\n<p>A Agridelta SA respeita a sua privacidade e dedica-se aos valores de prote\u00e7\u00e3o da privacidade. Ao utilizar este site, as informa\u00e7\u00f5es sobre si poder\u00e3o ser recolhidas pela Agridelta SA para gerar estat\u00edsticas n\u00e3o identificadas. A Agridelta SA ter\u00e1 o direito de utilizar estas informa\u00e7\u00f5es, que ser\u00e3o da sua propriedade. A Agridelta SA n\u00e3o revelar\u00e1 qualquer informa\u00e7\u00e3o pessoal a ningu\u00e9m, exceto conforme previsto nesta pol\u00edtica. No entanto, a Agridelta SA poder\u00e1 necessitar de revelar informa\u00e7\u00f5es pessoais aos colaboradores da Agridelta SA que necessitem dessas informa\u00e7\u00f5es para o desempenho das suas fun\u00e7\u00f5es. Em todas as outras situa\u00e7\u00f5es, exceto no caso de venda da Agridelta SA ou dos seus servi\u00e7os ou website associados, a Agridelta SA n\u00e3o partilhar\u00e1 as suas informa\u00e7\u00f5es pessoais sem lhe dar aviso pr\u00e9vio e a oportunidade de dar o seu consentimento. A Agridelta SA n\u00e3o \u00e9 respons\u00e1vel e n\u00e3o oferece garantias nem faz qualquer declara\u00e7\u00e3o relativamente \u00e0s pol\u00edticas ou pr\u00e1ticas de privacidade de websites vinculados ou de terceiros.<\/p>\n<p>A Agridelta SA reserva-se o direito de alterar os termos e condi\u00e7\u00f5es desta pol\u00edtica de privacidade a qualquer momento. Ser\u00e1 respons\u00e1vel por rever tais altera\u00e7\u00f5es sempre que aceder ao website da Agridelta SA, e a sua utiliza\u00e7\u00e3o cont\u00ednua do website ap\u00f3s as altera\u00e7\u00f5es constitui a sua aceita\u00e7\u00e3o da pol\u00edtica alterada.<\/p>\n<p><strong>COOKIES<\/strong><\/p>\n<p>Podemos utilizar cookies e outras t\u00e9cnicas, como web beacons, quando visita o nosso website. \u201cCookies\u201d s\u00e3o pequenos ficheiros de texto utilizados por n\u00f3s para reconhecer utilizadores recorrentes, facilitar o seu acesso e utiliza\u00e7\u00e3o cont\u00ednua do nosso website. Permitem-nos tamb\u00e9m rastrear o seu comportamento de utiliza\u00e7\u00e3o e compilar dados agregados que nos permitir\u00e3o melhorar a funcionalidade do nosso website e conte\u00fado. Os \u201cWeb beacons\u201d s\u00e3o pequenos ficheiros de imagem n\u00edtidos utilizados para rastrear os seus movimentos no nosso website. Por exemplo, armazenando as suas defini\u00e7\u00f5es preferidas para a pr\u00f3xima vez que nos visitar.<\/p>\n<p>Os cookies permitem-nos:<\/p>\n<p>\u2022 Adaptar os nossos sites \u00e0s suas necessidades pessoais;<\/p>\n<p>\u2022 Recordar as notifica\u00e7\u00f5es que lhe foram apresentadas, para que n\u00e3o as voltem a ver;<\/p>\n<p>\u2022 Ajudar-nos a encontrar informa\u00e7\u00e3o ap\u00f3s o seu login;<\/p>\n<p>\u2022 Ajudar-nos a ligar as suas informa\u00e7\u00f5es de navega\u00e7\u00e3o a si e \u00e0s suas informa\u00e7\u00f5es pessoais, por exemplo, quando opta por se registar num servi\u00e7o;<\/p>\n<p>\u2022 Fazer melhorias e atualiza\u00e7\u00f5es nos nossos sites com base na forma como pretende utiliz\u00e1-los; e<\/p>\n<p>\u2022 Geralmente, n\u00e3o utilizamos cookies para o identificar pessoalmente.<\/p>\n<p>Utilizamos os seguintes tipos de cookies:<\/p>\n<p>\u2022\u00a0<strong>Cookies necess\u00e1rios:<\/strong>\u00a0Os cookies necess\u00e1rios permitem-lhe utilizar os nossos websites e todas as suas funcionalidades, como o acesso a \u00e1reas seguras do website. Sem estes cookies, poder\u00e1 n\u00e3o conseguir utilizar todos os recursos dos nossos sites.<\/p>\n<p>\u2022\u00a0<strong>Cookies de desempenho:<\/strong>\u00a0Os cookies de desempenho recolhem informa\u00e7\u00f5es sobre a forma como utiliza os nossos websites para que possamos melhor\u00e1-los no futuro. Por exemplo, recolhem informa\u00e7\u00f5es sobre as p\u00e1ginas que visita com mais frequ\u00eancia e quaisquer mensagens de erro que possa receber. As informa\u00e7\u00f5es recolhidas por estes cookies s\u00e3o an\u00f3nimas. N\u00e3o recolhem nenhuma informa\u00e7\u00e3o que possa identific\u00e1-lo pessoalmente.<\/p>\n<p>\u2022\u00a0<strong>Cookies de funcionalidade:<\/strong>\u00a0Os cookies de funcionalidade permitem-nos oferecer-lhe uma experi\u00eancia mais personalizada. Ajudam-nos a lembrar dados, como o seu nome de utilizador e prefer\u00eancia de idioma, para que n\u00e3o tenha de os introduzir novamente na pr\u00f3xima vez que visita. As informa\u00e7\u00f5es recolhidas por estes cookies s\u00e3o an\u00f3nimas. N\u00e3o podem rastrear a sua atividade de navega\u00e7\u00e3o noutros sites.<\/p>\n<p>\u2022\u00a0<strong>Cookies de Segmenta\u00e7\u00e3o\/Publicidade:<\/strong>\u00a0N\u00f3s e os nossos fornecedores de servi\u00e7os podemos utilizar cookies de publicidade para apresentar an\u00fancios que acreditamos serem relevantes para si e para os seus interesses. Por exemplo, podemos utilizar cookies de segmenta\u00e7\u00e3o ou publicidade para personalizar a publicidade e o conte\u00fado que recebe nos nossos sites, limitar o n\u00famero de vezes que v\u00ea o mesmo an\u00fancio nos nossos sites e ajudar a medir a efic\u00e1cia das nossas campanhas publicit\u00e1rias.<\/p>\n<p>\u2022\u00a0<strong>Cookies de redes sociais:<\/strong>\u00a0Os nossos sites utilizam cookies de terceiros de sites de redes sociais, como o Facebook, Twitter e LinkedIn, para permitir relat\u00f3rios detalhados de campanhas e rastrear os utilizadores de redes sociais quando visitam os nossos sites, utilizando um mecanismo de marca\u00e7\u00e3o fornecido por esses sites. Estes cookies tamb\u00e9m podem ser utilizados para o rastreio de eventos e para fins de remarketing. Quaisquer dados recolhidos com estas marca\u00e7\u00f5es ser\u00e3o utilizados de acordo com a nossa pol\u00edtica de privacidade e as pol\u00edticas de privacidade da rede social. Os nossos sites n\u00e3o recolher\u00e3o nem armazenar\u00e3o qualquer informa\u00e7\u00e3o de identifica\u00e7\u00e3o pessoal do utilizador.<\/p>\n<p>Pode gerir as suas defini\u00e7\u00f5es de cookies da seguinte forma:<\/p>\n<p>\u2022 Para garantir a melhor experi\u00eancia poss\u00edvel ao visitar os nossos websites, recomendamos que aceite cookies. No entanto, pode desativar cada categoria de cookies (exceto os cookies estritamente necess\u00e1rios) clicando no bot\u00e3o &#8220;Defini\u00e7\u00f5es de Cookies&#8221; ou desativando os cookies no seu navegador.<\/p>\n<p>\u2022 No entanto, os cookies podem ser necess\u00e1rios para fornecer determinadas funcionalidades dispon\u00edveis no nosso website. Se desativar os cookies, poder\u00e1 n\u00e3o conseguir utilizar estas funcionalidades e o seu acesso ao nosso website ser\u00e1 limitado.<\/p>\n<\/div><\/div><\/div><\/div><\/div>\n","protected":false},"excerpt":{"rendered":"","protected":false},"author":2,"featured_media":0,"parent":0,"menu_order":0,"comment_status":"closed","ping_status":"closed","template":"100-width.php","meta":{"_joinchat":[],"footnotes":""},"class_list":["post-2526","page","type-page","status-publish","hentry"],"yoast_head":"<!-- This site is optimized with the Yoast SEO plugin v27.5 - https:\/\/yoast.com\/product\/yoast-seo-wordpress\/ -->\n<title>Termos e Condi\u00e7\u00f5es - AGRIDELTA<\/title>\n<meta name=\"description\" content=\"Leia os termos e condi\u00e7\u00f5es da AGRIDELTA para entender as regras de uso do nosso site e as condi\u00e7\u00f5es de venda dos nossos Suprimentos Automotivos, Agr\u00edcolas e de Minera\u00e7\u00e3o.\" \/>\n<meta name=\"robots\" content=\"index, follow, max-snippet:-1, max-image-preview:large, max-video-preview:-1\" \/>\n<link rel=\"canonical\" href=\"https:\/\/agridelta.co.za\/pt\/termosecondicoes\/\" \/>\n<meta property=\"og:locale\" content=\"en_US\" \/>\n<meta property=\"og:type\" content=\"article\" \/>\n<meta property=\"og:title\" content=\"Termos e Condi\u00e7\u00f5es - AGRIDELTA\" \/>\n<meta property=\"og:description\" content=\"Leia os termos e condi\u00e7\u00f5es da AGRIDELTA para entender as regras de uso do nosso site e as condi\u00e7\u00f5es de venda dos nossos Suprimentos Automotivos, Agr\u00edcolas e de Minera\u00e7\u00e3o.\" \/>\n<meta property=\"og:url\" content=\"https:\/\/agridelta.co.za\/pt\/termosecondicoes\/\" \/>\n<meta property=\"og:site_name\" content=\"AGRIDELTA\" \/>\n<meta property=\"article:modified_time\" content=\"2026-03-31T06:30:57+00:00\" \/>\n<meta name=\"twitter:card\" content=\"summary_large_image\" \/>\n<meta name=\"twitter:label1\" content=\"Est. reading time\" \/>\n\t<meta name=\"twitter:data1\" content=\"9 minutes\" \/>\n<script type=\"application\/ld+json\" class=\"yoast-schema-graph\">{\"@context\":\"https:\\\/\\\/schema.org\",\"@graph\":[{\"@type\":\"WebPage\",\"@id\":\"https:\\\/\\\/agridelta.co.za\\\/pt\\\/termosecondicoes\\\/\",\"url\":\"https:\\\/\\\/agridelta.co.za\\\/pt\\\/termosecondicoes\\\/\",\"name\":\"Termos e Condi\u00e7\u00f5es - AGRIDELTA\",\"isPartOf\":{\"@id\":\"https:\\\/\\\/agridelta.co.za\\\/pt\\\/#website\"},\"datePublished\":\"2025-08-04T18:07:46+00:00\",\"dateModified\":\"2026-03-31T06:30:57+00:00\",\"description\":\"Leia os termos e condi\u00e7\u00f5es da AGRIDELTA para entender as regras de uso do nosso site e as condi\u00e7\u00f5es de venda dos nossos Suprimentos Automotivos, Agr\u00edcolas e de Minera\u00e7\u00e3o.\",\"breadcrumb\":{\"@id\":\"https:\\\/\\\/agridelta.co.za\\\/pt\\\/termosecondicoes\\\/#breadcrumb\"},\"inLanguage\":\"en-ZA\",\"potentialAction\":[{\"@type\":\"ReadAction\",\"target\":[\"https:\\\/\\\/agridelta.co.za\\\/pt\\\/termosecondicoes\\\/\"]}]},{\"@type\":\"BreadcrumbList\",\"@id\":\"https:\\\/\\\/agridelta.co.za\\\/pt\\\/termosecondicoes\\\/#breadcrumb\",\"itemListElement\":[{\"@type\":\"ListItem\",\"position\":1,\"name\":\"Home\",\"item\":\"https:\\\/\\\/agridelta.co.za\\\/pt\\\/\"},{\"@type\":\"ListItem\",\"position\":2,\"name\":\"Termos e Condi\u00e7\u00f5es\"}]},{\"@type\":\"WebSite\",\"@id\":\"https:\\\/\\\/agridelta.co.za\\\/pt\\\/#website\",\"url\":\"https:\\\/\\\/agridelta.co.za\\\/pt\\\/\",\"name\":\"AGRIDELTA\",\"description\":\"Peritos Em Exporta\u00e7\u00e3o Para Mo\u00e7ambique\",\"publisher\":{\"@id\":\"https:\\\/\\\/agridelta.co.za\\\/pt\\\/#organization\"},\"potentialAction\":[{\"@type\":\"SearchAction\",\"target\":{\"@type\":\"EntryPoint\",\"urlTemplate\":\"https:\\\/\\\/agridelta.co.za\\\/pt\\\/?s={search_term_string}\"},\"query-input\":{\"@type\":\"PropertyValueSpecification\",\"valueRequired\":true,\"valueName\":\"search_term_string\"}}],\"inLanguage\":\"en-ZA\"},{\"@type\":\"Organization\",\"@id\":\"https:\\\/\\\/agridelta.co.za\\\/pt\\\/#organization\",\"name\":\"AGRIDELTA\",\"url\":\"https:\\\/\\\/agridelta.co.za\\\/pt\\\/\",\"logo\":{\"@type\":\"ImageObject\",\"inLanguage\":\"en-ZA\",\"@id\":\"https:\\\/\\\/agridelta.co.za\\\/pt\\\/#\\\/schema\\\/logo\\\/image\\\/\",\"url\":\"https:\\\/\\\/agridelta.co.za\\\/pt\\\/wp-content\\\/uploads\\\/2023\\\/11\\\/Logo-01.jpg\",\"contentUrl\":\"https:\\\/\\\/agridelta.co.za\\\/pt\\\/wp-content\\\/uploads\\\/2023\\\/11\\\/Logo-01.jpg\",\"width\":1000,\"height\":185,\"caption\":\"AGRIDELTA\"},\"image\":{\"@id\":\"https:\\\/\\\/agridelta.co.za\\\/pt\\\/#\\\/schema\\\/logo\\\/image\\\/\"}}]}<\/script>\n<!-- \/ Yoast SEO plugin. -->","yoast_head_json":{"title":"Termos e Condi\u00e7\u00f5es - AGRIDELTA","description":"Leia os termos e condi\u00e7\u00f5es da AGRIDELTA para entender as regras de uso do nosso site e as condi\u00e7\u00f5es de venda dos nossos Suprimentos Automotivos, Agr\u00edcolas e de Minera\u00e7\u00e3o.","robots":{"index":"index","follow":"follow","max-snippet":"max-snippet:-1","max-image-preview":"max-image-preview:large","max-video-preview":"max-video-preview:-1"},"canonical":"https:\/\/agridelta.co.za\/pt\/termosecondicoes\/","og_locale":"en_US","og_type":"article","og_title":"Termos e Condi\u00e7\u00f5es - AGRIDELTA","og_description":"Leia os termos e condi\u00e7\u00f5es da AGRIDELTA para entender as regras de uso do nosso site e as condi\u00e7\u00f5es de venda dos nossos Suprimentos Automotivos, Agr\u00edcolas e de Minera\u00e7\u00e3o.","og_url":"https:\/\/agridelta.co.za\/pt\/termosecondicoes\/","og_site_name":"AGRIDELTA","article_modified_time":"2026-03-31T06:30:57+00:00","twitter_card":"summary_large_image","twitter_misc":{"Est. reading time":"9 minutes"},"schema":{"@context":"https:\/\/schema.org","@graph":[{"@type":"WebPage","@id":"https:\/\/agridelta.co.za\/pt\/termosecondicoes\/","url":"https:\/\/agridelta.co.za\/pt\/termosecondicoes\/","name":"Termos e Condi\u00e7\u00f5es - AGRIDELTA","isPartOf":{"@id":"https:\/\/agridelta.co.za\/pt\/#website"},"datePublished":"2025-08-04T18:07:46+00:00","dateModified":"2026-03-31T06:30:57+00:00","description":"Leia os termos e condi\u00e7\u00f5es da AGRIDELTA para entender as regras de uso do nosso site e as condi\u00e7\u00f5es de venda dos nossos Suprimentos Automotivos, Agr\u00edcolas e de Minera\u00e7\u00e3o.","breadcrumb":{"@id":"https:\/\/agridelta.co.za\/pt\/termosecondicoes\/#breadcrumb"},"inLanguage":"en-ZA","potentialAction":[{"@type":"ReadAction","target":["https:\/\/agridelta.co.za\/pt\/termosecondicoes\/"]}]},{"@type":"BreadcrumbList","@id":"https:\/\/agridelta.co.za\/pt\/termosecondicoes\/#breadcrumb","itemListElement":[{"@type":"ListItem","position":1,"name":"Home","item":"https:\/\/agridelta.co.za\/pt\/"},{"@type":"ListItem","position":2,"name":"Termos e Condi\u00e7\u00f5es"}]},{"@type":"WebSite","@id":"https:\/\/agridelta.co.za\/pt\/#website","url":"https:\/\/agridelta.co.za\/pt\/","name":"AGRIDELTA","description":"Peritos Em Exporta\u00e7\u00e3o Para Mo\u00e7ambique","publisher":{"@id":"https:\/\/agridelta.co.za\/pt\/#organization"},"potentialAction":[{"@type":"SearchAction","target":{"@type":"EntryPoint","urlTemplate":"https:\/\/agridelta.co.za\/pt\/?s={search_term_string}"},"query-input":{"@type":"PropertyValueSpecification","valueRequired":true,"valueName":"search_term_string"}}],"inLanguage":"en-ZA"},{"@type":"Organization","@id":"https:\/\/agridelta.co.za\/pt\/#organization","name":"AGRIDELTA","url":"https:\/\/agridelta.co.za\/pt\/","logo":{"@type":"ImageObject","inLanguage":"en-ZA","@id":"https:\/\/agridelta.co.za\/pt\/#\/schema\/logo\/image\/","url":"https:\/\/agridelta.co.za\/pt\/wp-content\/uploads\/2023\/11\/Logo-01.jpg","contentUrl":"https:\/\/agridelta.co.za\/pt\/wp-content\/uploads\/2023\/11\/Logo-01.jpg","width":1000,"height":185,"caption":"AGRIDELTA"},"image":{"@id":"https:\/\/agridelta.co.za\/pt\/#\/schema\/logo\/image\/"}}]}},"_links":{"self":[{"href":"https:\/\/agridelta.co.za\/pt\/wp-json\/wp\/v2\/pages\/2526","targetHints":{"allow":["GET"]}}],"collection":[{"href":"https:\/\/agridelta.co.za\/pt\/wp-json\/wp\/v2\/pages"}],"about":[{"href":"https:\/\/agridelta.co.za\/pt\/wp-json\/wp\/v2\/types\/page"}],"author":[{"embeddable":true,"href":"https:\/\/agridelta.co.za\/pt\/wp-json\/wp\/v2\/users\/2"}],"replies":[{"embeddable":true,"href":"https:\/\/agridelta.co.za\/pt\/wp-json\/wp\/v2\/comments?post=2526"}],"version-history":[{"count":3,"href":"https:\/\/agridelta.co.za\/pt\/wp-json\/wp\/v2\/pages\/2526\/revisions"}],"predecessor-version":[{"id":2590,"href":"https:\/\/agridelta.co.za\/pt\/wp-json\/wp\/v2\/pages\/2526\/revisions\/2590"}],"wp:attachment":[{"href":"https:\/\/agridelta.co.za\/pt\/wp-json\/wp\/v2\/media?parent=2526"}],"curies":[{"name":"wp","href":"https:\/\/api.w.org\/{rel}","templated":true}]}}